{"id":62,"date":"2024-04-28T21:25:54","date_gmt":"2024-04-28T21:25:54","guid":{"rendered":"https:\/\/www.dddoffice.cz\/?page_id=62"},"modified":"2024-04-28T22:02:43","modified_gmt":"2024-04-28T22:02:43","slug":"aktuality","status":"publish","type":"page","link":"https:\/\/www.dddoffice.cz\/?page_id=62","title":{"rendered":"Aktuality"},"content":{"rendered":"\n<p>Zde najdete Na\u0161e nejnov\u011bj\u0161\u00ed nab\u00eddky<\/p>\n\n\n\n<p><\/p>\n","protected":false},"excerpt":{"rendered":"<p>Zde najdete Na\u0161e nejnov\u011bj\u0161\u00ed nab\u00eddky<\/p>\n","protected":false},"author":1,"featured_media":0,"parent":0,"menu_order":0,"comment_status":"closed","ping_status":"closed","template":"","meta":{"_regular_price":[],"currency_symbol":[],"footnotes":""},"class_list":["post-62","page","type-page","status-publish","hentry"],"post_slider_layout_featured_media_urls":{"thumbnail":"","post_slider_layout_landscape_large":"","post_slider_layout_portrait_large":"","post_slider_layout_square_large":"","post_slider_layout_landscape":"","post_slider_layout_portrait":"","post_slider_layout_square":"","full":""},"_links":{"self":[{"href":"https:\/\/www.dddoffice.cz\/index.php?rest_route=\/wp\/v2\/pages\/62","targetHints":{"allow":["GET"]}}],"collection":[{"href":"https:\/\/www.dddoffice.cz\/index.php?rest_route=\/wp\/v2\/pages"}],"about":[{"href":"https:\/\/www.dddoffice.cz\/index.php?rest_route=\/wp\/v2\/types\/page"}],"author":[{"embeddable":true,"href":"https:\/\/www.dddoffice.cz\/index.php?rest_route=\/wp\/v2\/users\/1"}],"replies":[{"embeddable":true,"href":"https:\/\/www.dddoffice.cz\/index.php?rest_route=%2Fwp%2Fv2%2Fcomments&post=62"}],"version-history":[{"count":2,"href":"https:\/\/www.dddoffice.cz\/index.php?rest_route=\/wp\/v2\/pages\/62\/revisions"}],"predecessor-version":[{"id":86,"href":"https:\/\/www.dddoffice.cz\/index.php?rest_route=\/wp\/v2\/pages\/62\/revisions\/86"}],"wp:attachment":[{"href":"https:\/\/www.dddoffice.cz\/index.php?rest_route=%2Fwp%2Fv2%2Fmedia&parent=62"}],"curies":[{"name":"wp","href":"https:\/\/api.w.org\/{rel}","templated":true}]}}